{"id":354,"date":"2026-04-01T14:47:14","date_gmt":"2026-04-01T17:47:14","guid":{"rendered":"https:\/\/perladiaz.com\/portal\/?page_id=354"},"modified":"2026-04-02T15:36:15","modified_gmt":"2026-04-02T18:36:15","slug":"somos","status":"publish","type":"page","link":"https:\/\/perladiaz.com\/portal\/somos\/","title":{"rendered":"Somos"},"content":{"rendered":"<p>Perla D\u00edaz es profesora universitaria, especialista en oratoria y ceremonial, con una amplia trayectoria en la formaci\u00f3n de estudiantes, profesionales e instituciones.<\/p>\n<p>Su trabajo combina experiencia acad\u00e9mica, formaci\u00f3n profesional y pr\u00e1ctica institucional, lo que le permite brindar capacitaciones claras, din\u00e1micas y aplicables al mundo real.<\/p>\n<p>A lo largo de su carrera ha formado a personas en \u00e1reas como:<\/p>\n<ul>\n<li>Oratoria profesional<\/li>\n<li>Ceremonial empresarial y social<\/li>\n<li>Ceremonial oficial e institucional<\/li>\n<li>Comunicaci\u00f3n institucional<\/li>\n<\/ul>\n<p>Su enfoque busca desarrollar seguridad, claridad al comunicar y presencia profesional, cualidades fundamentales para quienes ocupan roles de liderazgo o representaci\u00f3n.<\/p>\n<p>Adem\u00e1s de su labor docente en universidades e instituciones educativas, impulsa espacios de formaci\u00f3n accesibles a trav\u00e9s de programas y cursos especializados<\/p>\n<p>Conferencista y speaker en diferentes congresos, seminarios y encuentros a nivel nacional e interamericano.<\/p>\n","protected":false},"excerpt":{"rendered":"<p>Perla D\u00edaz es profesora universitaria, especialista en oratoria y ceremonial, con una amplia trayectoria en la formaci\u00f3n de estudiantes, profesionales e instituciones. [&hellip;]<\/p>\n","protected":false},"author":1,"featured_media":0,"parent":0,"menu_order":0,"comment_status":"closed","ping_status":"closed","template":"page-templates\/page_fullwidth.php","meta":{"_joinchat":[],"footnotes":""},"class_list":["post-354","page","type-page","status-publish","hentry"],"yoast_head":"<!-- This site is optimized with the Yoast SEO plugin v27.3 - https:\/\/yoast.com\/product\/yoast-seo-wordpress\/ -->\n<title>Somos - Perla D&iacute;az<\/title>\n<meta name=\"robots\" content=\"index, follow, max-snippet:-1, max-image-preview:large, max-video-preview:-1\" \/>\n<link rel=\"canonical\" href=\"https:\/\/perladiaz.com\/portal\/somos\/\" \/>\n<meta property=\"og:locale\" content=\"es_ES\" \/>\n<meta property=\"og:type\" content=\"article\" \/>\n<meta property=\"og:title\" content=\"Somos - Perla D&iacute;az\" \/>\n<meta property=\"og:description\" content=\"Perla D\u00edaz es profesora universitaria, especialista en oratoria y ceremonial, con una amplia trayectoria en la formaci\u00f3n de estudiantes, profesionales e instituciones. [&hellip;]\" \/>\n<meta property=\"og:url\" content=\"https:\/\/perladiaz.com\/portal\/somos\/\" \/>\n<meta property=\"og:site_name\" content=\"Perla D&iacute;az\" \/>\n<meta property=\"article:modified_time\" content=\"2026-04-02T18:36:15+00:00\" \/>\n<meta name=\"twitter:card\" content=\"summary_large_image\" \/>\n<meta name=\"twitter:label1\" content=\"Tiempo de lectura\" \/>\n\t<meta name=\"twitter:data1\" content=\"1 minuto\" \/>\n<script type=\"application\/ld+json\" class=\"yoast-schema-graph\">{\"@context\":\"https:\\\/\\\/schema.org\",\"@graph\":[{\"@type\":\"WebPage\",\"@id\":\"https:\\\/\\\/perladiaz.com\\\/portal\\\/somos\\\/\",\"url\":\"https:\\\/\\\/perladiaz.com\\\/portal\\\/somos\\\/\",\"name\":\"Somos - Perla D&iacute;az\",\"isPartOf\":{\"@id\":\"https:\\\/\\\/perladiaz.com\\\/portal\\\/#website\"},\"datePublished\":\"2026-04-01T17:47:14+00:00\",\"dateModified\":\"2026-04-02T18:36:15+00:00\",\"breadcrumb\":{\"@id\":\"https:\\\/\\\/perladiaz.com\\\/portal\\\/somos\\\/#breadcrumb\"},\"inLanguage\":\"es-AR\",\"potentialAction\":[{\"@type\":\"ReadAction\",\"target\":[\"https:\\\/\\\/perladiaz.com\\\/portal\\\/somos\\\/\"]}]},{\"@type\":\"BreadcrumbList\",\"@id\":\"https:\\\/\\\/perladiaz.com\\\/portal\\\/somos\\\/#breadcrumb\",\"itemListElement\":[{\"@type\":\"ListItem\",\"position\":1,\"name\":\"Home\",\"item\":\"https:\\\/\\\/perladiaz.com\\\/portal\\\/\"},{\"@type\":\"ListItem\",\"position\":2,\"name\":\"Somos\"}]},{\"@type\":\"WebSite\",\"@id\":\"https:\\\/\\\/perladiaz.com\\\/portal\\\/#website\",\"url\":\"https:\\\/\\\/perladiaz.com\\\/portal\\\/\",\"name\":\"Cursos Becados\",\"description\":\"El futuro en tus manos\",\"potentialAction\":[{\"@type\":\"SearchAction\",\"target\":{\"@type\":\"EntryPoint\",\"urlTemplate\":\"https:\\\/\\\/perladiaz.com\\\/portal\\\/?s={search_term_string}\"},\"query-input\":{\"@type\":\"PropertyValueSpecification\",\"valueRequired\":true,\"valueName\":\"search_term_string\"}}],\"inLanguage\":\"es-AR\"}]}<\/script>\n<!-- \/ Yoast SEO plugin. -->","yoast_head_json":{"title":"Somos - Perla D&iacute;az","robots":{"index":"index","follow":"follow","max-snippet":"max-snippet:-1","max-image-preview":"max-image-preview:large","max-video-preview":"max-video-preview:-1"},"canonical":"https:\/\/perladiaz.com\/portal\/somos\/","og_locale":"es_ES","og_type":"article","og_title":"Somos - Perla D&iacute;az","og_description":"Perla D\u00edaz es profesora universitaria, especialista en oratoria y ceremonial, con una amplia trayectoria en la formaci\u00f3n de estudiantes, profesionales e instituciones. [&hellip;]","og_url":"https:\/\/perladiaz.com\/portal\/somos\/","og_site_name":"Perla D&iacute;az","article_modified_time":"2026-04-02T18:36:15+00:00","twitter_card":"summary_large_image","twitter_misc":{"Tiempo de lectura":"1 minuto"},"schema":{"@context":"https:\/\/schema.org","@graph":[{"@type":"WebPage","@id":"https:\/\/perladiaz.com\/portal\/somos\/","url":"https:\/\/perladiaz.com\/portal\/somos\/","name":"Somos - Perla D&iacute;az","isPartOf":{"@id":"https:\/\/perladiaz.com\/portal\/#website"},"datePublished":"2026-04-01T17:47:14+00:00","dateModified":"2026-04-02T18:36:15+00:00","breadcrumb":{"@id":"https:\/\/perladiaz.com\/portal\/somos\/#breadcrumb"},"inLanguage":"es-AR","potentialAction":[{"@type":"ReadAction","target":["https:\/\/perladiaz.com\/portal\/somos\/"]}]},{"@type":"BreadcrumbList","@id":"https:\/\/perladiaz.com\/portal\/somos\/#breadcrumb","itemListElement":[{"@type":"ListItem","position":1,"name":"Home","item":"https:\/\/perladiaz.com\/portal\/"},{"@type":"ListItem","position":2,"name":"Somos"}]},{"@type":"WebSite","@id":"https:\/\/perladiaz.com\/portal\/#website","url":"https:\/\/perladiaz.com\/portal\/","name":"Cursos Becados","description":"El futuro en tus manos","potentialAction":[{"@type":"SearchAction","target":{"@type":"EntryPoint","urlTemplate":"https:\/\/perladiaz.com\/portal\/?s={search_term_string}"},"query-input":{"@type":"PropertyValueSpecification","valueRequired":true,"valueName":"search_term_string"}}],"inLanguage":"es-AR"}]}},"_links":{"self":[{"href":"https:\/\/perladiaz.com\/portal\/wp-json\/wp\/v2\/pages\/354","targetHints":{"allow":["GET"]}}],"collection":[{"href":"https:\/\/perladiaz.com\/portal\/wp-json\/wp\/v2\/pages"}],"about":[{"href":"https:\/\/perladiaz.com\/portal\/wp-json\/wp\/v2\/types\/page"}],"author":[{"embeddable":true,"href":"https:\/\/perladiaz.com\/portal\/wp-json\/wp\/v2\/users\/1"}],"replies":[{"embeddable":true,"href":"https:\/\/perladiaz.com\/portal\/wp-json\/wp\/v2\/comments?post=354"}],"version-history":[{"count":2,"href":"https:\/\/perladiaz.com\/portal\/wp-json\/wp\/v2\/pages\/354\/revisions"}],"predecessor-version":[{"id":375,"href":"https:\/\/perladiaz.com\/portal\/wp-json\/wp\/v2\/pages\/354\/revisions\/375"}],"wp:attachment":[{"href":"https:\/\/perladiaz.com\/portal\/wp-json\/wp\/v2\/media?parent=354"}],"curies":[{"name":"wp","href":"https:\/\/api.w.org\/{rel}","templated":true}]}}