{"id":357,"date":"2026-04-01T14:48:24","date_gmt":"2026-04-01T17:48:24","guid":{"rendered":"https:\/\/perladiaz.com\/portal\/?page_id=357"},"modified":"2026-04-02T15:52:59","modified_gmt":"2026-04-02T18:52:59","slug":"hacemos","status":"publish","type":"page","link":"https:\/\/perladiaz.com\/portal\/hacemos\/","title":{"rendered":"Hacemos"},"content":{"rendered":"<p>Ofrecemos programas de formaci\u00f3n y capacitaci\u00f3n orientados a fortalecer la comunicaci\u00f3n, la presencia institucional y el manejo del protocolo en diferentes \u00e1mbitos.<\/p>\n<p>Cursos de Formaci\u00f3n:<\/p>\n<p>ORATORIA Y EXPRESI\u00d3N ORAL<\/p>\n<p>Un programa pr\u00e1ctico para desarrollar habilidades de comunicaci\u00f3n en p\u00fablico.<\/p>\n<p>Aprender\u00e1s a:<\/p>\n<ul>\n<li>Hablar con seguridad<\/li>\n<li>Organizar discursos<\/li>\n<li>Controlar nervios y lenguaje corporal<\/li>\n<li>Comunicar ideas con claridad e impacto<\/li>\n<\/ul>\n<p>Ideal para profesionales, estudiantes, emprendedores y l\u00edderes.<\/p>\n<p>&nbsp;<\/p>\n<p>CEREMONIAL EMPRESARIAL e INSTITUCIONAL<\/p>\n<p>Formaci\u00f3n en normas de protocolo y ceremonial, aplicadas a los eventos, reuniones y relaciones empresariales e institucionales<\/p>\n<p>Incluye:<\/p>\n<ul>\n<li>Organizaci\u00f3n de eventos empresariales e institucionales.<\/li>\n<li>Protocolo empresarial<\/li>\n<li>Etiqueta profesional<\/li>\n<li>Imagen institucional<\/li>\n<\/ul>\n<p>&nbsp;<\/p>\n<p>CEREMONIAL Y PROTOCOLO OFICIAL<\/p>\n<p>Curso orientado a instituciones, organismos p\u00fablicos y profesionales que trabajan en \u00e1mbitos formales.<\/p>\n<p>Contenidos:<\/p>\n<ul>\n<li>Protocolo oficial<\/li>\n<li>Organizaci\u00f3n de actos protocolares<\/li>\n<li>Ordenes de precedencia y jerarqu\u00edas<\/li>\n<li>Normativa y uso de los s\u00edmbolos Patrios.<\/li>\n<\/ul>\n","protected":false},"excerpt":{"rendered":"<p>Ofrecemos programas de formaci\u00f3n y capacitaci\u00f3n orientados a fortalecer la comunicaci\u00f3n, la presencia institucional y el manejo del protocolo en diferentes \u00e1mbitos. [&hellip;]<\/p>\n","protected":false},"author":1,"featured_media":0,"parent":0,"menu_order":0,"comment_status":"closed","ping_status":"closed","template":"page-templates\/page_fullwidth.php","meta":{"_joinchat":[],"footnotes":""},"class_list":["post-357","page","type-page","status-publish","hentry"],"yoast_head":"<!-- This site is optimized with the Yoast SEO plugin v27.3 - https:\/\/yoast.com\/product\/yoast-seo-wordpress\/ -->\n<title>Hacemos - Perla D&iacute;az<\/title>\n<meta name=\"robots\" content=\"index, follow, max-snippet:-1, max-image-preview:large, max-video-preview:-1\" \/>\n<link rel=\"canonical\" href=\"https:\/\/perladiaz.com\/portal\/hacemos\/\" \/>\n<meta property=\"og:locale\" content=\"es_ES\" \/>\n<meta property=\"og:type\" content=\"article\" \/>\n<meta property=\"og:title\" content=\"Hacemos - Perla D&iacute;az\" \/>\n<meta property=\"og:description\" content=\"Ofrecemos programas de formaci\u00f3n y capacitaci\u00f3n orientados a fortalecer la comunicaci\u00f3n, la presencia institucional y el manejo del protocolo en diferentes \u00e1mbitos. [&hellip;]\" \/>\n<meta property=\"og:url\" content=\"https:\/\/perladiaz.com\/portal\/hacemos\/\" \/>\n<meta property=\"og:site_name\" content=\"Perla D&iacute;az\" \/>\n<meta property=\"article:modified_time\" content=\"2026-04-02T18:52:59+00:00\" \/>\n<meta name=\"twitter:card\" content=\"summary_large_image\" \/>\n<meta name=\"twitter:label1\" content=\"Tiempo de lectura\" \/>\n\t<meta name=\"twitter:data1\" content=\"1 minuto\" \/>\n<script type=\"application\/ld+json\" class=\"yoast-schema-graph\">{\"@context\":\"https:\\\/\\\/schema.org\",\"@graph\":[{\"@type\":\"WebPage\",\"@id\":\"https:\\\/\\\/perladiaz.com\\\/portal\\\/hacemos\\\/\",\"url\":\"https:\\\/\\\/perladiaz.com\\\/portal\\\/hacemos\\\/\",\"name\":\"Hacemos - Perla D&iacute;az\",\"isPartOf\":{\"@id\":\"https:\\\/\\\/perladiaz.com\\\/portal\\\/#website\"},\"datePublished\":\"2026-04-01T17:48:24+00:00\",\"dateModified\":\"2026-04-02T18:52:59+00:00\",\"breadcrumb\":{\"@id\":\"https:\\\/\\\/perladiaz.com\\\/portal\\\/hacemos\\\/#breadcrumb\"},\"inLanguage\":\"es-AR\",\"potentialAction\":[{\"@type\":\"ReadAction\",\"target\":[\"https:\\\/\\\/perladiaz.com\\\/portal\\\/hacemos\\\/\"]}]},{\"@type\":\"BreadcrumbList\",\"@id\":\"https:\\\/\\\/perladiaz.com\\\/portal\\\/hacemos\\\/#breadcrumb\",\"itemListElement\":[{\"@type\":\"ListItem\",\"position\":1,\"name\":\"Home\",\"item\":\"https:\\\/\\\/perladiaz.com\\\/portal\\\/\"},{\"@type\":\"ListItem\",\"position\":2,\"name\":\"Hacemos\"}]},{\"@type\":\"WebSite\",\"@id\":\"https:\\\/\\\/perladiaz.com\\\/portal\\\/#website\",\"url\":\"https:\\\/\\\/perladiaz.com\\\/portal\\\/\",\"name\":\"Cursos Becados\",\"description\":\"El futuro en tus manos\",\"potentialAction\":[{\"@type\":\"SearchAction\",\"target\":{\"@type\":\"EntryPoint\",\"urlTemplate\":\"https:\\\/\\\/perladiaz.com\\\/portal\\\/?s={search_term_string}\"},\"query-input\":{\"@type\":\"PropertyValueSpecification\",\"valueRequired\":true,\"valueName\":\"search_term_string\"}}],\"inLanguage\":\"es-AR\"}]}<\/script>\n<!-- \/ Yoast SEO plugin. -->","yoast_head_json":{"title":"Hacemos - Perla D&iacute;az","robots":{"index":"index","follow":"follow","max-snippet":"max-snippet:-1","max-image-preview":"max-image-preview:large","max-video-preview":"max-video-preview:-1"},"canonical":"https:\/\/perladiaz.com\/portal\/hacemos\/","og_locale":"es_ES","og_type":"article","og_title":"Hacemos - Perla D&iacute;az","og_description":"Ofrecemos programas de formaci\u00f3n y capacitaci\u00f3n orientados a fortalecer la comunicaci\u00f3n, la presencia institucional y el manejo del protocolo en diferentes \u00e1mbitos. [&hellip;]","og_url":"https:\/\/perladiaz.com\/portal\/hacemos\/","og_site_name":"Perla D&iacute;az","article_modified_time":"2026-04-02T18:52:59+00:00","twitter_card":"summary_large_image","twitter_misc":{"Tiempo de lectura":"1 minuto"},"schema":{"@context":"https:\/\/schema.org","@graph":[{"@type":"WebPage","@id":"https:\/\/perladiaz.com\/portal\/hacemos\/","url":"https:\/\/perladiaz.com\/portal\/hacemos\/","name":"Hacemos - Perla D&iacute;az","isPartOf":{"@id":"https:\/\/perladiaz.com\/portal\/#website"},"datePublished":"2026-04-01T17:48:24+00:00","dateModified":"2026-04-02T18:52:59+00:00","breadcrumb":{"@id":"https:\/\/perladiaz.com\/portal\/hacemos\/#breadcrumb"},"inLanguage":"es-AR","potentialAction":[{"@type":"ReadAction","target":["https:\/\/perladiaz.com\/portal\/hacemos\/"]}]},{"@type":"BreadcrumbList","@id":"https:\/\/perladiaz.com\/portal\/hacemos\/#breadcrumb","itemListElement":[{"@type":"ListItem","position":1,"name":"Home","item":"https:\/\/perladiaz.com\/portal\/"},{"@type":"ListItem","position":2,"name":"Hacemos"}]},{"@type":"WebSite","@id":"https:\/\/perladiaz.com\/portal\/#website","url":"https:\/\/perladiaz.com\/portal\/","name":"Cursos Becados","description":"El futuro en tus manos","potentialAction":[{"@type":"SearchAction","target":{"@type":"EntryPoint","urlTemplate":"https:\/\/perladiaz.com\/portal\/?s={search_term_string}"},"query-input":{"@type":"PropertyValueSpecification","valueRequired":true,"valueName":"search_term_string"}}],"inLanguage":"es-AR"}]}},"_links":{"self":[{"href":"https:\/\/perladiaz.com\/portal\/wp-json\/wp\/v2\/pages\/357","targetHints":{"allow":["GET"]}}],"collection":[{"href":"https:\/\/perladiaz.com\/portal\/wp-json\/wp\/v2\/pages"}],"about":[{"href":"https:\/\/perladiaz.com\/portal\/wp-json\/wp\/v2\/types\/page"}],"author":[{"embeddable":true,"href":"https:\/\/perladiaz.com\/portal\/wp-json\/wp\/v2\/users\/1"}],"replies":[{"embeddable":true,"href":"https:\/\/perladiaz.com\/portal\/wp-json\/wp\/v2\/comments?post=357"}],"version-history":[{"count":3,"href":"https:\/\/perladiaz.com\/portal\/wp-json\/wp\/v2\/pages\/357\/revisions"}],"predecessor-version":[{"id":377,"href":"https:\/\/perladiaz.com\/portal\/wp-json\/wp\/v2\/pages\/357\/revisions\/377"}],"wp:attachment":[{"href":"https:\/\/perladiaz.com\/portal\/wp-json\/wp\/v2\/media?parent=357"}],"curies":[{"name":"wp","href":"https:\/\/api.w.org\/{rel}","templated":true}]}}