{"id":7,"date":"2024-10-04T01:01:47","date_gmt":"2024-10-04T01:01:47","guid":{"rendered":"https:\/\/perladiaz.com\/portal\/?page_id=7"},"modified":"2026-04-08T09:25:58","modified_gmt":"2026-04-08T12:25:58","slug":"7-2","status":"publish","type":"page","link":"https:\/\/perladiaz.com\/portal\/","title":{"rendered":"Inicio"},"content":{"rendered":"<h2><img loading=\"lazy\" decoding=\"async\" class=\"size-medium wp-image-366 aligncenter\" src=\"https:\/\/perladiaz.com\/portal\/wp-content\/uploads\/2026\/04\/Logo-Perla-Diaz-300x300.jpg\" alt=\"\" width=\"300\" height=\"300\" srcset=\"https:\/\/perladiaz.com\/portal\/wp-content\/uploads\/2026\/04\/Logo-Perla-Diaz-300x300.jpg 300w, https:\/\/perladiaz.com\/portal\/wp-content\/uploads\/2026\/04\/Logo-Perla-Diaz-420x420.jpg 420w, https:\/\/perladiaz.com\/portal\/wp-content\/uploads\/2026\/04\/Logo-Perla-Diaz-100x100.jpg 100w, https:\/\/perladiaz.com\/portal\/wp-content\/uploads\/2026\/04\/Logo-Perla-Diaz-800x800.jpg 800w, https:\/\/perladiaz.com\/portal\/wp-content\/uploads\/2026\/04\/Logo-Perla-Diaz-1024x1024.jpg 1024w, https:\/\/perladiaz.com\/portal\/wp-content\/uploads\/2026\/04\/Logo-Perla-Diaz-150x150.jpg 150w, https:\/\/perladiaz.com\/portal\/wp-content\/uploads\/2026\/04\/Logo-Perla-Diaz-768x768.jpg 768w, https:\/\/perladiaz.com\/portal\/wp-content\/uploads\/2026\/04\/Logo-Perla-Diaz-1000x1000.jpg 1000w, https:\/\/perladiaz.com\/portal\/wp-content\/uploads\/2026\/04\/Logo-Perla-Diaz-230x230.jpg 230w, https:\/\/perladiaz.com\/portal\/wp-content\/uploads\/2026\/04\/Logo-Perla-Diaz-350x350.jpg 350w, https:\/\/perladiaz.com\/portal\/wp-content\/uploads\/2026\/04\/Logo-Perla-Diaz-480x480.jpg 480w, https:\/\/perladiaz.com\/portal\/wp-content\/uploads\/2026\/04\/Logo-Perla-Diaz.jpg 1080w\" sizes=\"auto, (max-width: 300px) 100vw, 300px\" \/><\/h2>\n<p>Formamos profesionales capaces de comunicar con seguridad, representar instituciones y liderar espacios con presencia y claridad.<\/p>\n<p>Perla D\u00edaz es especialista en oratoria, protocolo, ceremonial y relaciones p\u00fablicas, con trayectoria en el \u00e1mbito acad\u00e9mico y en la formaci\u00f3n de profesionales que desean fortalecer su comunicaci\u00f3n y su presencia institucional.<\/p>\n<p>A trav\u00e9s de cursos, capacitaciones y formaci\u00f3n acad\u00e9mica, brindamos herramientas pr\u00e1cticas para que cada persona pueda hablar en p\u00fablico con confianza, representar correctamente una instituci\u00f3n y desenvolverse con profesionalismo en eventos y espacios formales.<\/p>\n<p>Nuestros programas est\u00e1n dise\u00f1ados para:<\/p>\n<ul>\n<li>Profesionales que necesitan hablar en p\u00fablico<\/li>\n<li>Instituciones que requieren formaci\u00f3n en protocolo<\/li>\n<li>Empresas que desean mejorar su comunicaci\u00f3n institucional<\/li>\n<li>Estudiantes que buscan herramientas para su desarrollo profesional<\/li>\n<\/ul>\n<p style=\"text-align: center;\">&#8220;Comunicar bien abre puertas. Saber representarse abre oportunidades&#8221;<\/p>\n<p><strong>Contacto:\u00a0 <\/strong><a href=\"mailto:perladiaz@perladiaz.com\">perladiaz@perladiaz.com<\/a><\/p>\n<p>&nbsp;<\/p>\n","protected":false},"excerpt":{"rendered":"<p>Formamos profesionales capaces de comunicar con seguridad, representar instituciones y liderar espacios con presencia y claridad. Perla D\u00edaz es especialista en oratoria, [&hellip;]<\/p>\n","protected":false},"author":1,"featured_media":0,"parent":0,"menu_order":0,"comment_status":"closed","ping_status":"closed","template":"page-templates\/page_fullwidth.php","meta":{"_joinchat":[],"footnotes":""},"class_list":["post-7","page","type-page","status-publish","hentry"],"yoast_head":"<!-- This site is optimized with the Yoast SEO plugin v27.3 - https:\/\/yoast.com\/product\/yoast-seo-wordpress\/ -->\n<title>Inicio - Perla D&iacute;az<\/title>\n<meta name=\"robots\" content=\"index, follow, max-snippet:-1, max-image-preview:large, max-video-preview:-1\" \/>\n<link rel=\"canonical\" href=\"https:\/\/perladiaz.com\/portal\/\" \/>\n<meta property=\"og:locale\" content=\"es_ES\" \/>\n<meta property=\"og:type\" content=\"article\" \/>\n<meta property=\"og:title\" content=\"Inicio - Perla D&iacute;az\" \/>\n<meta property=\"og:description\" content=\"Formamos profesionales capaces de comunicar con seguridad, representar instituciones y liderar espacios con presencia y claridad. Perla D\u00edaz es especialista en oratoria, [&hellip;]\" \/>\n<meta property=\"og:url\" content=\"https:\/\/perladiaz.com\/portal\/\" \/>\n<meta property=\"og:site_name\" content=\"Perla D&iacute;az\" \/>\n<meta property=\"article:modified_time\" content=\"2026-04-08T12:25:58+00:00\" \/>\n<meta property=\"og:image\" content=\"https:\/\/perladiaz.com\/portal\/wp-content\/uploads\/2026\/04\/Logo-Perla-Diaz.jpg\" \/>\n\t<meta property=\"og:image:width\" content=\"1080\" \/>\n\t<meta property=\"og:image:height\" content=\"1080\" \/>\n\t<meta property=\"og:image:type\" content=\"image\/jpeg\" \/>\n<meta name=\"twitter:card\" content=\"summary_large_image\" \/>\n<meta name=\"twitter:label1\" content=\"Tiempo de lectura\" \/>\n\t<meta name=\"twitter:data1\" content=\"1 minuto\" \/>\n<script type=\"application\/ld+json\" class=\"yoast-schema-graph\">{\"@context\":\"https:\\\/\\\/schema.org\",\"@graph\":[{\"@type\":\"WebPage\",\"@id\":\"https:\\\/\\\/perladiaz.com\\\/portal\\\/\",\"url\":\"https:\\\/\\\/perladiaz.com\\\/portal\\\/\",\"name\":\"Inicio - Perla D&iacute;az\",\"isPartOf\":{\"@id\":\"https:\\\/\\\/perladiaz.com\\\/portal\\\/#website\"},\"primaryImageOfPage\":{\"@id\":\"https:\\\/\\\/perladiaz.com\\\/portal\\\/#primaryimage\"},\"image\":{\"@id\":\"https:\\\/\\\/perladiaz.com\\\/portal\\\/#primaryimage\"},\"thumbnailUrl\":\"https:\\\/\\\/perladiaz.com\\\/portal\\\/wp-content\\\/uploads\\\/2026\\\/04\\\/Logo-Perla-Diaz-300x300.jpg\",\"datePublished\":\"2024-10-04T01:01:47+00:00\",\"dateModified\":\"2026-04-08T12:25:58+00:00\",\"breadcrumb\":{\"@id\":\"https:\\\/\\\/perladiaz.com\\\/portal\\\/#breadcrumb\"},\"inLanguage\":\"es-AR\",\"potentialAction\":[{\"@type\":\"ReadAction\",\"target\":[\"https:\\\/\\\/perladiaz.com\\\/portal\\\/\"]}]},{\"@type\":\"ImageObject\",\"inLanguage\":\"es-AR\",\"@id\":\"https:\\\/\\\/perladiaz.com\\\/portal\\\/#primaryimage\",\"url\":\"https:\\\/\\\/perladiaz.com\\\/portal\\\/wp-content\\\/uploads\\\/2026\\\/04\\\/Logo-Perla-Diaz.jpg\",\"contentUrl\":\"https:\\\/\\\/perladiaz.com\\\/portal\\\/wp-content\\\/uploads\\\/2026\\\/04\\\/Logo-Perla-Diaz.jpg\",\"width\":1080,\"height\":1080},{\"@type\":\"BreadcrumbList\",\"@id\":\"https:\\\/\\\/perladiaz.com\\\/portal\\\/#breadcrumb\",\"itemListElement\":[{\"@type\":\"ListItem\",\"position\":1,\"name\":\"Home\",\"item\":\"https:\\\/\\\/perladiaz.com\\\/portal\\\/\"},{\"@type\":\"ListItem\",\"position\":2,\"name\":\"Inicio\"}]},{\"@type\":\"WebSite\",\"@id\":\"https:\\\/\\\/perladiaz.com\\\/portal\\\/#website\",\"url\":\"https:\\\/\\\/perladiaz.com\\\/portal\\\/\",\"name\":\"Cursos Becados\",\"description\":\"El futuro en tus manos\",\"potentialAction\":[{\"@type\":\"SearchAction\",\"target\":{\"@type\":\"EntryPoint\",\"urlTemplate\":\"https:\\\/\\\/perladiaz.com\\\/portal\\\/?s={search_term_string}\"},\"query-input\":{\"@type\":\"PropertyValueSpecification\",\"valueRequired\":true,\"valueName\":\"search_term_string\"}}],\"inLanguage\":\"es-AR\"}]}<\/script>\n<!-- \/ Yoast SEO plugin. -->","yoast_head_json":{"title":"Inicio - Perla D&iacute;az","robots":{"index":"index","follow":"follow","max-snippet":"max-snippet:-1","max-image-preview":"max-image-preview:large","max-video-preview":"max-video-preview:-1"},"canonical":"https:\/\/perladiaz.com\/portal\/","og_locale":"es_ES","og_type":"article","og_title":"Inicio - Perla D&iacute;az","og_description":"Formamos profesionales capaces de comunicar con seguridad, representar instituciones y liderar espacios con presencia y claridad. Perla D\u00edaz es especialista en oratoria, [&hellip;]","og_url":"https:\/\/perladiaz.com\/portal\/","og_site_name":"Perla D&iacute;az","article_modified_time":"2026-04-08T12:25:58+00:00","og_image":[{"width":1080,"height":1080,"url":"https:\/\/perladiaz.com\/portal\/wp-content\/uploads\/2026\/04\/Logo-Perla-Diaz.jpg","type":"image\/jpeg"}],"twitter_card":"summary_large_image","twitter_misc":{"Tiempo de lectura":"1 minuto"},"schema":{"@context":"https:\/\/schema.org","@graph":[{"@type":"WebPage","@id":"https:\/\/perladiaz.com\/portal\/","url":"https:\/\/perladiaz.com\/portal\/","name":"Inicio - Perla D&iacute;az","isPartOf":{"@id":"https:\/\/perladiaz.com\/portal\/#website"},"primaryImageOfPage":{"@id":"https:\/\/perladiaz.com\/portal\/#primaryimage"},"image":{"@id":"https:\/\/perladiaz.com\/portal\/#primaryimage"},"thumbnailUrl":"https:\/\/perladiaz.com\/portal\/wp-content\/uploads\/2026\/04\/Logo-Perla-Diaz-300x300.jpg","datePublished":"2024-10-04T01:01:47+00:00","dateModified":"2026-04-08T12:25:58+00:00","breadcrumb":{"@id":"https:\/\/perladiaz.com\/portal\/#breadcrumb"},"inLanguage":"es-AR","potentialAction":[{"@type":"ReadAction","target":["https:\/\/perladiaz.com\/portal\/"]}]},{"@type":"ImageObject","inLanguage":"es-AR","@id":"https:\/\/perladiaz.com\/portal\/#primaryimage","url":"https:\/\/perladiaz.com\/portal\/wp-content\/uploads\/2026\/04\/Logo-Perla-Diaz.jpg","contentUrl":"https:\/\/perladiaz.com\/portal\/wp-content\/uploads\/2026\/04\/Logo-Perla-Diaz.jpg","width":1080,"height":1080},{"@type":"BreadcrumbList","@id":"https:\/\/perladiaz.com\/portal\/#breadcrumb","itemListElement":[{"@type":"ListItem","position":1,"name":"Home","item":"https:\/\/perladiaz.com\/portal\/"},{"@type":"ListItem","position":2,"name":"Inicio"}]},{"@type":"WebSite","@id":"https:\/\/perladiaz.com\/portal\/#website","url":"https:\/\/perladiaz.com\/portal\/","name":"Cursos Becados","description":"El futuro en tus manos","potentialAction":[{"@type":"SearchAction","target":{"@type":"EntryPoint","urlTemplate":"https:\/\/perladiaz.com\/portal\/?s={search_term_string}"},"query-input":{"@type":"PropertyValueSpecification","valueRequired":true,"valueName":"search_term_string"}}],"inLanguage":"es-AR"}]}},"_links":{"self":[{"href":"https:\/\/perladiaz.com\/portal\/wp-json\/wp\/v2\/pages\/7","targetHints":{"allow":["GET"]}}],"collection":[{"href":"https:\/\/perladiaz.com\/portal\/wp-json\/wp\/v2\/pages"}],"about":[{"href":"https:\/\/perladiaz.com\/portal\/wp-json\/wp\/v2\/types\/page"}],"author":[{"embeddable":true,"href":"https:\/\/perladiaz.com\/portal\/wp-json\/wp\/v2\/users\/1"}],"replies":[{"embeddable":true,"href":"https:\/\/perladiaz.com\/portal\/wp-json\/wp\/v2\/comments?post=7"}],"version-history":[{"count":14,"href":"https:\/\/perladiaz.com\/portal\/wp-json\/wp\/v2\/pages\/7\/revisions"}],"predecessor-version":[{"id":405,"href":"https:\/\/perladiaz.com\/portal\/wp-json\/wp\/v2\/pages\/7\/revisions\/405"}],"wp:attachment":[{"href":"https:\/\/perladiaz.com\/portal\/wp-json\/wp\/v2\/media?parent=7"}],"curies":[{"name":"wp","href":"https:\/\/api.w.org\/{rel}","templated":true}]}}